{"id":3,"date":"2024-01-08T11:43:17","date_gmt":"2024-01-08T10:43:17","guid":{"rendered":"http:\/\/fidef.org\/?page_id=3"},"modified":"2024-01-13T13:47:21","modified_gmt":"2024-01-13T12:47:21","slug":"politique-de-confidentialite","status":"publish","type":"page","link":"https:\/\/fidef.org\/?page_id=3","title":{"rendered":"Politique de confidentialit\u00e9"},"content":{"rendered":"\n<h2 class=\"wp-block-heading\">Qui sommes nous\u00a0?<\/h2>\n\n\n\n<p><strong class=\"privacy-policy-tutorial\">Texte sugg\u00e9r\u00e9&nbsp;: <\/strong>L\u2019adresse de notre site est&nbsp;: http:\/\/fidef.org.<\/p>\n\n\n\n<h2 class=\"wp-block-heading\">Commentaires<\/h2>\n\n\n\n<p><strong class=\"privacy-policy-tutorial\">Texte sugg\u00e9r\u00e9&nbsp;: <\/strong>Quand vous laissez un commentaire sur notre site, les donn\u00e9es inscrites dans le formulaire de commentaire, ainsi que votre adresse IP et l\u2019agent utilisateur de votre navigateur sont collect\u00e9s pour nous aider \u00e0 la d\u00e9tection des commentaires ind\u00e9sirables.<\/p>\n\n\n\n<p>Une cha\u00eene anonymis\u00e9e cr\u00e9\u00e9e \u00e0 partir de votre adresse e-mail (\u00e9galement appel\u00e9e hash) peut \u00eatre envoy\u00e9e au service Gravatar pour v\u00e9rifier si vous utilisez ce dernier. Les clauses de confidentialit\u00e9 du service Gravatar sont disponibles ici&nbsp;: https:\/\/automattic.com\/privacy\/. Apr\u00e8s validation de votre commentaire, votre photo de profil sera visible publiquement \u00e0 cot\u00e9 de votre commentaire.<\/p>\n\n\n\n<h2 class=\"wp-block-heading\">M\u00e9dias<\/h2>\n\n\n\n<p><strong class=\"privacy-policy-tutorial\">Texte sugg\u00e9r\u00e9&nbsp;: <\/strong>Si vous t\u00e9l\u00e9versez des images sur le site, nous vous conseillons d\u2019\u00e9viter de t\u00e9l\u00e9verser des images contenant des donn\u00e9es EXIF de coordonn\u00e9es GPS. Les personnes visitant votre site peuvent t\u00e9l\u00e9charger et extraire des donn\u00e9es de localisation depuis ces images.<\/p>\n\n\n\n<h2 class=\"wp-block-heading\">Cookies<\/h2>\n\n\n\n<h3 class=\"wp-block-heading\">\u00c0 propos de notre politique de confidentialit\u00e9 et de gestion des cookies<\/h3>\n\n\n\n<p>Le but de cette politique de confidentialit\u00e9 est d&rsquo;informer les utilisateurs de notre site des donn\u00e9es personnelles que nous recueillerons ainsi que les informations suivantes, le cas \u00e9ch\u00e9ant :<\/p>\n\n\n\n<ul class=\"wp-block-list\">\n<li>Les donn\u00e9es personnelles que nous recueillerons<\/li>\n\n\n\n<li>L\u2019utilisation des donn\u00e9es recueillies<\/li>\n\n\n\n<li>Qui a acc\u00e8s aux donn\u00e9es recueillies<\/li>\n\n\n\n<li>Les droits des utilisateurs du site<\/li>\n\n\n\n<li>La politique de cookies du site<\/li>\n<\/ul>\n\n\n\n<p>Cette politique de confidentialit\u00e9 fonctionne parall\u00e8lement aux conditions g\u00e9n\u00e9rales d\u2019utilisation de notre site.<\/p>\n\n\n\n<p>Nous explicitons ce que sont les cookies et comment nous les utilisons, les types de cookies que nous utilisons, c&rsquo;est-\u00e0-dire les informations que nous collectons \u00e0 l&rsquo;aide des cookies et comment ces informations sont utilis\u00e9es, et comment contr\u00f4ler les pr\u00e9f\u00e9rences des cookies.<\/p>\n\n\n\n<p>Vous pouvez \u00e0 tout moment modifier ou retirer votre consentement de la d\u00e9claration relative aux cookies sur notre site Web<br>En savoir plus sur qui nous sommes, comment vous pouvez nous contacter et comment nous traitons les donn\u00e9es personnelles dans notre politique de confidentialit\u00e9.<br>Votre consentement s&rsquo;applique aux domaines suivants&nbsp;: fidef.org<\/p>\n\n\n\n<p>Votre \u00e9tat actuel&nbsp;: Consentement accept\u00e9.&nbsp;<a>G\u00e9rez votre consentement.<\/a><\/p>\n\n\n\n<h3 class=\"wp-block-heading\">Lois applicables<\/h3>\n\n\n\n<p>Conform\u00e9ment au R\u00e8glement g\u00e9n\u00e9ral sur la protection des donn\u00e9es (RGPD), cette politique de confidentialit\u00e9 est conforme aux r\u00e8glements suivants.Les donn\u00e9es \u00e0 caract\u00e8re personnel doivent \u00eatre :<\/p>\n\n\n\n<ul class=\"wp-block-list\">\n<li>trait\u00e9es de mani\u00e8re licite, loyale et transparente au regard de la personne concern\u00e9e (lic\u00e9it\u00e9, loyaut\u00e9, transparence) ;<\/li>\n\n\n\n<li>collect\u00e9es pour des finalit\u00e9s d\u00e9termin\u00e9es, explicites et l\u00e9gitimes, et ne pas \u00eatre trait\u00e9es ult\u00e9rieurement d&rsquo;une mani\u00e8re incompatible avec ces finalit\u00e9s; le traitement ult\u00e9rieur \u00e0 des fins archivistiques dans l&rsquo;int\u00e9r\u00eat public, \u00e0 des fins de recherche scientifique ou historique ou \u00e0 des fins statistiques n&rsquo;est pas consid\u00e9r\u00e9, conform\u00e9ment \u00e0 l&rsquo;article 89, paragraphe 1, comme incompatible avec les finalit\u00e9s initiales (limitation des finalit\u00e9s) ;<\/li>\n\n\n\n<li>ad\u00e9quates, pertinentes et limit\u00e9es \u00e0 ce qui est n\u00e9cessaire au regard des finalit\u00e9s pour lesquelles elles sont trait\u00e9es (minimisation des donn\u00e9es) ;<\/li>\n\n\n\n<li>exactes et, si n\u00e9cessaire, tenues \u00e0 jour; toutes les mesures raisonnables doivent \u00eatre prises pour que les donn\u00e9es \u00e0 caract\u00e8re personnel qui sont inexactes, eu \u00e9gard aux finalit\u00e9s pour lesquelles elles sont trait\u00e9es, soient effac\u00e9es ou rectifi\u00e9es sans tarder (exactitude) ;<\/li>\n\n\n\n<li>conserv\u00e9es sous une forme permettant l&rsquo;identification des personnes concern\u00e9es pendant une dur\u00e9e n&rsquo;exc\u00e9dant pas celle n\u00e9cessaire au regard des finalit\u00e9s pour lesquelles elles sont trait\u00e9es; les donn\u00e9es \u00e0 caract\u00e8re personnel peuvent \u00eatre conserv\u00e9es pour des dur\u00e9es plus longues dans la mesure o\u00f9 elles seront trait\u00e9es exclusivement \u00e0 des fins archivistiques dans l&rsquo;int\u00e9r\u00eat public, \u00e0 des fins de recherche scientifique ou historique ou \u00e0 des fins statistiques conform\u00e9ment \u00e0 l&rsquo;article 89, paragraphe 1, pour autant que soient mises en \u0153uvre les mesures techniques et organisationnelles appropri\u00e9es requises par le r\u00e8glement afin de garantir les droits et libert\u00e9s de la personne concern\u00e9e (limitation de la conservation) ;<\/li>\n\n\n\n<li>trait\u00e9es de fa\u00e7on \u00e0 garantir une s\u00e9curit\u00e9 appropri\u00e9e des donn\u00e9es \u00e0 caract\u00e8re personnel, y compris la protection contre le traitement non autoris\u00e9 ou illicite et contre la perte, la destruction ou les d\u00e9g\u00e2ts d&rsquo;origine accidentelle, \u00e0 l&rsquo;aide de mesures techniques ou organisationnelles appropri\u00e9es (int\u00e9grit\u00e9 et confidentialit\u00e9).<\/li>\n<\/ul>\n\n\n\n<h2 class=\"wp-block-heading\">Utilisation et transmission de vos donn\u00e9es personnelles<\/h2>\n\n\n\n<h3 class=\"wp-block-heading\">\u00c0 propos de notre politique de confidentialit\u00e9 et de gestion des cookies<\/h3>\n\n\n\n<p>Le but de cette politique de confidentialit\u00e9 est d&rsquo;informer les utilisateurs de notre site des donn\u00e9es personnelles que nous recueillerons ainsi que les informations suivantes, le cas \u00e9ch\u00e9ant :<\/p>\n\n\n\n<ul class=\"wp-block-list\">\n<li>Les donn\u00e9es personnelles que nous recueillerons<\/li>\n\n\n\n<li>L\u2019utilisation des donn\u00e9es recueillies<\/li>\n\n\n\n<li>Qui a acc\u00e8s aux donn\u00e9es recueillies<\/li>\n\n\n\n<li>Les droits des utilisateurs du site<\/li>\n\n\n\n<li>La politique de cookies du site<\/li>\n<\/ul>\n\n\n\n<p>Cette politique de confidentialit\u00e9 fonctionne parall\u00e8lement aux conditions g\u00e9n\u00e9rales d\u2019utilisation de notre site.<\/p>\n\n\n\n<p>Nous explicitons ce que sont les cookies et comment nous les utilisons, les types de cookies que nous utilisons, c&rsquo;est-\u00e0-dire les informations que nous collectons \u00e0 l&rsquo;aide des cookies et comment ces informations sont utilis\u00e9es, et comment contr\u00f4ler les pr\u00e9f\u00e9rences des cookies.<\/p>\n\n\n\n<p>Vous pouvez \u00e0 tout moment modifier ou retirer votre consentement de la d\u00e9claration relative aux cookies sur notre site Web<br>En savoir plus sur qui nous sommes, comment vous pouvez nous contacter et comment nous traitons les donn\u00e9es personnelles dans notre politique de confidentialit\u00e9.<br>Votre consentement s&rsquo;applique aux domaines suivants&nbsp;: fidef.org<\/p>\n\n\n\n<p>Votre \u00e9tat actuel&nbsp;: Consentement accept\u00e9.&nbsp;<a>G\u00e9rez votre consentement.<\/a><\/p>\n\n\n\n<h3 class=\"wp-block-heading\">Lois applicables<\/h3>\n\n\n\n<p>Conform\u00e9ment au R\u00e8glement g\u00e9n\u00e9ral sur la protection des donn\u00e9es (RGPD), cette politique de confidentialit\u00e9 est conforme aux r\u00e8glements suivants.Les donn\u00e9es \u00e0 caract\u00e8re personnel doivent \u00eatre :<\/p>\n\n\n\n<ul class=\"wp-block-list\">\n<li>trait\u00e9es de mani\u00e8re licite, loyale et transparente au regard de la personne concern\u00e9e (lic\u00e9it\u00e9, loyaut\u00e9, transparence) ;<\/li>\n\n\n\n<li>collect\u00e9es pour des finalit\u00e9s d\u00e9termin\u00e9es, explicites et l\u00e9gitimes, et ne pas \u00eatre trait\u00e9es ult\u00e9rieurement d&rsquo;une mani\u00e8re incompatible avec ces finalit\u00e9s; le traitement ult\u00e9rieur \u00e0 des fins archivistiques dans l&rsquo;int\u00e9r\u00eat public, \u00e0 des fins de recherche scientifique ou historique ou \u00e0 des fins statistiques n&rsquo;est pas consid\u00e9r\u00e9, conform\u00e9ment \u00e0 l&rsquo;article 89, paragraphe 1, comme incompatible avec les finalit\u00e9s initiales (limitation des finalit\u00e9s) ;<\/li>\n\n\n\n<li>ad\u00e9quates, pertinentes et limit\u00e9es \u00e0 ce qui est n\u00e9cessaire au regard des finalit\u00e9s pour lesquelles elles sont trait\u00e9es (minimisation des donn\u00e9es) ;<\/li>\n\n\n\n<li>exactes et, si n\u00e9cessaire, tenues \u00e0 jour; toutes les mesures raisonnables doivent \u00eatre prises pour que les donn\u00e9es \u00e0 caract\u00e8re personnel qui sont inexactes, eu \u00e9gard aux finalit\u00e9s pour lesquelles elles sont trait\u00e9es, soient effac\u00e9es ou rectifi\u00e9es sans tarder (exactitude) ;<\/li>\n\n\n\n<li>conserv\u00e9es sous une forme permettant l&rsquo;identification des personnes concern\u00e9es pendant une dur\u00e9e n&rsquo;exc\u00e9dant pas celle n\u00e9cessaire au regard des finalit\u00e9s pour lesquelles elles sont trait\u00e9es; les donn\u00e9es \u00e0 caract\u00e8re personnel peuvent \u00eatre conserv\u00e9es pour des dur\u00e9es plus longues dans la mesure o\u00f9 elles seront trait\u00e9es exclusivement \u00e0 des fins archivistiques dans l&rsquo;int\u00e9r\u00eat public, \u00e0 des fins de recherche scientifique ou historique ou \u00e0 des fins statistiques conform\u00e9ment \u00e0 l&rsquo;article 89, paragraphe 1, pour autant que soient mises en \u0153uvre les mesures techniques et organisationnelles appropri\u00e9es requises par le r\u00e8glement afin de garantir les droits et libert\u00e9s de la personne concern\u00e9e (limitation de la conservation) ;<\/li>\n\n\n\n<li>trait\u00e9es de fa\u00e7on \u00e0 garantir une s\u00e9curit\u00e9 appropri\u00e9e des donn\u00e9es \u00e0 caract\u00e8re personnel, y compris la protection contre le traitement non autoris\u00e9 ou illicite et contre la perte, la destruction ou les d\u00e9g\u00e2ts d&rsquo;origine accidentelle, \u00e0 l&rsquo;aide de mesures techniques ou organisationnelles appropri\u00e9es (int\u00e9grit\u00e9 et confidentialit\u00e9).<br><\/li>\n<\/ul>\n\n\n\n<p>Le traitement n&rsquo;est licite que si, et dans la mesure o\u00f9, au moins une des conditions suivantes est remplie :<\/p>\n\n\n\n<ul class=\"wp-block-list\">\n<li>la personne concern\u00e9e a consenti au traitement de ses donn\u00e9es \u00e0 caract\u00e8re personnel pour une ou plusieurs finalit\u00e9s sp\u00e9cifiques ;<\/li>\n\n\n\n<li>le traitement est n\u00e9cessaire \u00e0 l&rsquo;ex\u00e9cution d&rsquo;un contrat auquel la personne concern\u00e9e est partie ou \u00e0 l&rsquo;ex\u00e9cution de mesures pr\u00e9contractuelles prises \u00e0 la demande de celle-ci ;<\/li>\n\n\n\n<li>le traitement est n\u00e9cessaire au respect d&rsquo;une obligation l\u00e9gale \u00e0 laquelle le responsable du traitement est soumis ;<\/li>\n\n\n\n<li>le traitement est n\u00e9cessaire \u00e0 la sauvegarde des int\u00e9r\u00eats vitaux de la personne concern\u00e9e ou d&rsquo;une autre personne physique ;<\/li>\n\n\n\n<li>le traitement est n\u00e9cessaire \u00e0 l&rsquo;ex\u00e9cution d&rsquo;une mission d&rsquo;int\u00e9r\u00eat public ou relevant de l&rsquo;exercice de l&rsquo;autorit\u00e9 publique dont est investi le responsable du traitement ;<\/li>\n\n\n\n<li>le traitement est n\u00e9cessaire aux fins des int\u00e9r\u00eats l\u00e9gitimes poursuivis par le responsable du traitement ou par un tiers, \u00e0 moins que ne pr\u00e9valent les int\u00e9r\u00eats ou les libert\u00e9s et droits fondamentaux de la personne concern\u00e9e qui exigent une protection des donn\u00e9es \u00e0 caract\u00e8re personnel, notamment lorsque la personne concern\u00e9e est un enfant.<\/li>\n<\/ul>\n\n\n\n<p>Pour les r\u00e9sidents de l\u2019\u00c9tat de Californie, cette politique de confidentialit\u00e9 vise \u00e0 se conformer \u00e0 la California Consumer Privacy Act (CCPA). S\u2019il y a des incoh\u00e9rences entre ce document et la CCPA, la l\u00e9gislation de l\u2019\u00c9tat s\u2019appliquera. Si nous constatons des incoh\u00e9rences, nous modifierons notre politique pour nous conformer \u00e0 la loi pertinente.<\/p>\n\n\n\n<p>ConsentementLes utilisateurs conviennent qu\u2019en utilisant notre site, ils consentent \u00e0 :<\/p>\n\n\n\n<ul class=\"wp-block-list\">\n<li>les conditions \u00e9nonc\u00e9es dans la pr\u00e9sente politique de confidentialit\u00e9 et<\/li>\n\n\n\n<li>la collecte, l\u2019utilisation et la conservation des donn\u00e9es \u00e9num\u00e9r\u00e9es dans la pr\u00e9sente politique.<\/li>\n<\/ul>\n\n\n\n<h3 class=\"wp-block-heading\">Que sont les cookies ?<\/h3>\n\n\n\n<p>Les cookies sont de petits fichiers texte utilis\u00e9s pour stocker de petites informations. Ils sont stock\u00e9s sur votre appareil lorsque le site Web est charg\u00e9 sur votre navigateur. Ces cookies nous aident \u00e0 faire fonctionner correctement le site Web, \u00e0 le rendre plus s\u00fbr, \u00e0 offrir une meilleure exp\u00e9rience utilisateur, \u00e0 comprendre les performances du site Web et \u00e0 analyser ce qui fonctionne et les points \u00e0 am\u00e9liorer.<\/p>\n\n\n\n<h3 class=\"wp-block-heading\">Comment utilisons-nous les cookies ?<\/h3>\n\n\n\n<p>Comme la plupart des services en ligne, notre site Web utilise des cookies propri\u00e9taires et tiers \u00e0 plusieurs fins. Les cookies internes sont principalement n\u00e9cessaires au bon fonctionnement du site Web et ils ne collectent aucune de vos donn\u00e9es personnellement identifiables.<\/p>\n\n\n\n<p>Les cookies tiers utilis\u00e9s sur notre site Web servent principalement \u00e0 comprendre le fonctionnement du site Web, la fa\u00e7on dont vous interagissez avec notre site Web, la s\u00e9curit\u00e9 de nos services, la fourniture de publicit\u00e9s pertinentes pour vous et, dans l&rsquo;ensemble, une meilleure et une exp\u00e9rience utilisateur am\u00e9lior\u00e9e et aider \u00e0 acc\u00e9l\u00e9rer vos futures interactions avec notre site Web.<\/p>\n\n\n\n<h3 class=\"wp-block-heading\">Quels types de cookies utilisons-nous ?<\/h3>\n\n\n\n<p>Essentiel&nbsp;: Certains cookies sont essentiels pour que vous puissiez profiter de toutes les fonctionnalit\u00e9s de notre site. Ils nous permettent de maintenir les sessions utilisateur et de pr\u00e9venir toute menace de s\u00e9curit\u00e9. Ils ne collectent ni ne stockent aucune information personnelle. Par exemple, ces cookies vous permettent de vous connecter \u00e0 votre compte et d&rsquo;ajouter des produits \u00e0 votre panier, et de passer \u00e0 la caisse en toute s\u00e9curit\u00e9.<\/p>\n\n\n\n<p>Statistiques&nbsp;: Ces cookies stockent des informations telles que le nombre de visiteurs sur le site Web, le nombre de visiteurs uniques, les pages du site Web visit\u00e9es, la source de la visite, etc. Ces donn\u00e9es nous aident \u00e0 comprendre et \u00e0 analyser les performances du site Web et les points \u00e0 am\u00e9liorer.<\/p>\n\n\n\n<p>Marketing&nbsp;: Notre site Web affiche des publicit\u00e9s. Ces cookies sont utilis\u00e9s pour personnaliser les publicit\u00e9s que nous vous montrons afin qu&rsquo;elles soient significatives pour vous. Ces cookies nous aident \u00e9galement \u00e0 suivre l&rsquo;efficacit\u00e9 de ces campagnes publicitaires.<br>Les informations stock\u00e9es dans ces cookies peuvent \u00e9galement \u00eatre utilis\u00e9es par les fournisseurs de publicit\u00e9 tiers pour vous montrer \u00e9galement des publicit\u00e9s sur d&rsquo;autres sites Web sur le navigateur.<\/p>\n\n\n\n<p>Fonctionnels&nbsp;: Il s&rsquo;agit des cookies qui aident certaines fonctionnalit\u00e9s non essentielles de notre site Web. Ces fonctionnalit\u00e9s incluent l&rsquo;int\u00e9gration de contenu comme des vid\u00e9os ou le partage de contenu du site Web sur les plateformes de m\u00e9dias sociaux.<\/p>\n\n\n\n<p>Pr\u00e9f\u00e9rences&nbsp;: Ces cookies nous aident \u00e0 stocker vos param\u00e8tres et pr\u00e9f\u00e9rences de navigation, comme les pr\u00e9f\u00e9rences de langue, afin que vous ayez une exp\u00e9rience meilleure et efficace lors de vos futures visites sur le site Web. .<\/p>\n\n\n\n<figure class=\"wp-block-table\"><table><thead><tr><th>COOKIE<\/th><th>DUR\u00c9E<\/th><th>DESCRIPTION<\/th><\/tr><\/thead><tbody><tr><td>cookielawinfo-checkbox-analytics<\/td><td>11 mois<\/td><td>Ce cookie est d\u00e9fini par le plugin RGPD Cookie Consent. Le cookie est utilis\u00e9 pour stocker le consentement de l&rsquo;utilisateur pour les cookies dans la cat\u00e9gorie \u00ab&nbsp;Analytics&nbsp;\u00bb.<\/td><\/tr><tr><td>cookielawinfo-checkbox-functional<\/td><td>11 mois<\/td><td>Le cookie est d\u00e9fini par le consentement des cookies RGPD pour enregistrer le consentement de l&rsquo;utilisateur pour les cookies dans la cat\u00e9gorie \u00ab&nbsp;Fonctionnel&nbsp;\u00bb.<\/td><\/tr><tr><td>cookielawinfo-checkbox-necessary<\/td><td>11 mois<\/td><td>Ce cookie est d\u00e9fini par le plugin RGPD Cookie Consent. Les cookies sont utilis\u00e9s pour stocker le consentement de l&rsquo;utilisateur pour les cookies dans la cat\u00e9gorie \u00ab\u00a0N\u00e9cessaire\u00a0\u00bb.<\/td><\/tr><tr><td>cookielawinfo-checkbox-others<\/td><td>11 mois<\/td><td>Ce cookie est d\u00e9fini par le plugin RGPD Cookie Consent. Le cookie est utilis\u00e9 pour stocker le consentement de l&rsquo;utilisateur pour les cookies dans la cat\u00e9gorie \u00ab\u00a0Autres\u00a0\u00bb.<\/td><\/tr><tr><td>cookielawinfo-checkbox-performance<\/td><td>11 mois<\/td><td>Ce cookie est d\u00e9fini par le plugin RGPD Cookie Consent. Le cookie est utilis\u00e9 pour stocker le consentement de l&rsquo;utilisateur pour les cookies dans la cat\u00e9gorie \u00ab&nbsp;Performance&nbsp;\u00bb.<\/td><\/tr><tr><td>viewed_cookie_policy<\/td><td>11 mois<\/td><td>Le cookie est d\u00e9fini par le plugin RGPD Cookie Consent et est utilis\u00e9 pour stocker si l&rsquo;utilisateur a consenti ou non \u00e0 l&rsquo;utilisation de cookies. Il ne stocke aucune donn\u00e9e personnelle.<\/td><\/tr><\/tbody><\/table><\/figure>\n\n\n\n<h3 class=\"wp-block-heading\">Comment puis-je contr\u00f4ler les pr\u00e9f\u00e9rences en mati\u00e8re de cookies ?<\/h3>\n\n\n\n<p>Si vous d\u00e9cidez de modifier vos pr\u00e9f\u00e9rences ult\u00e9rieurement au cours de votre session de navigation, vous pouvez cliquer sur l&rsquo;onglet \u00ab&nbsp;Politique de confidentialit\u00e9 et de cookies&nbsp;\u00bb sur votre \u00e9cran. Cela affichera \u00e0 nouveau l&rsquo;avis de consentement vous permettant de modifier vos pr\u00e9f\u00e9rences ou de retirer compl\u00e8tement votre consentement.<\/p>\n\n\n\n<p>En plus de cela, diff\u00e9rents navigateurs proposent diff\u00e9rentes m\u00e9thodes pour bloquer et supprimer les cookies utilis\u00e9s par les sites Web. Vous pouvez modifier les param\u00e8tres de votre navigateur pour bloquer\/supprimer les cookies. Pour en savoir plus sur la gestion et la suppression des cookies, visitez wikipedia.org , www.allaboutcookies.org.<\/p>\n\n\n\n<p>Pour les comptes qui s\u2019inscrivent sur notre site (le cas \u00e9ch\u00e9ant), nous stockons \u00e9galement les donn\u00e9es personnelles indiqu\u00e9es dans leur profil. Tous les comptes peuvent voir, modifier ou supprimer leurs informations personnelles \u00e0 tout moment (\u00e0 l\u2019exception de leur identifiant). Les gestionnaires du site peuvent aussi voir et modifier ces informations.<\/p>\n\n\n\n<h2 class=\"wp-block-heading\">Les droits que vous avez sur vos donn\u00e9es<\/h2>\n\n\n\n<p><strong class=\"privacy-policy-tutorial\">Texte sugg\u00e9r\u00e9&nbsp;: <\/strong>Si vous avez un compte ou si vous avez laiss\u00e9 des commentaires sur le site, vous pouvez demander \u00e0 recevoir un fichier contenant toutes les donn\u00e9es personnelles que nous poss\u00e9dons \u00e0 votre sujet, incluant celles que vous nous avez fournies. Vous pouvez \u00e9galement demander la suppression des donn\u00e9es personnelles vous concernant. Cela ne prend pas en compte les donn\u00e9es stock\u00e9es \u00e0 des fins administratives, l\u00e9gales ou pour des raisons de s\u00e9curit\u00e9.<\/p>\n","protected":false},"excerpt":{"rendered":"<p>Qui sommes nous\u00a0? Texte sugg\u00e9r\u00e9&nbsp;: L\u2019adresse de notre site est&nbsp;: http:\/\/fidef.org. Commentaires Texte sugg\u00e9r\u00e9&nbsp;: Quand vous laissez un commentaire sur notre site, les donn\u00e9es inscrites dans<span class=\"excerpt-hellip\"> [\u2026]<\/span><\/p>\n","protected":false},"author":1,"featured_media":0,"parent":0,"menu_order":0,"comment_status":"closed","ping_status":"open","template":"","meta":{"footnotes":""},"folder":[],"class_list":["post-3","page","type-page","status-publish","hentry"],"jetpack_sharing_enabled":true,"_links":{"self":[{"href":"https:\/\/fidef.org\/index.php?rest_route=\/wp\/v2\/pages\/3","targetHints":{"allow":["GET"]}}],"collection":[{"href":"https:\/\/fidef.org\/index.php?rest_route=\/wp\/v2\/pages"}],"about":[{"href":"https:\/\/fidef.org\/index.php?rest_route=\/wp\/v2\/types\/page"}],"author":[{"embeddable":true,"href":"https:\/\/fidef.org\/index.php?rest_route=\/wp\/v2\/users\/1"}],"replies":[{"embeddable":true,"href":"https:\/\/fidef.org\/index.php?rest_route=%2Fwp%2Fv2%2Fcomments&post=3"}],"version-history":[{"count":2,"href":"https:\/\/fidef.org\/index.php?rest_route=\/wp\/v2\/pages\/3\/revisions"}],"predecessor-version":[{"id":464,"href":"https:\/\/fidef.org\/index.php?rest_route=\/wp\/v2\/pages\/3\/revisions\/464"}],"wp:attachment":[{"href":"https:\/\/fidef.org\/index.php?rest_route=%2Fwp%2Fv2%2Fmedia&parent=3"}],"wp:term":[{"taxonomy":"folder","embeddable":true,"href":"https:\/\/fidef.org\/index.php?rest_route=%2Fwp%2Fv2%2Ffolder&post=3"}],"curies":[{"name":"wp","href":"https:\/\/api.w.org\/{rel}","templated":true}]}}