{"id":2389,"date":"2024-04-19T00:47:38","date_gmt":"2024-04-18T22:47:38","guid":{"rendered":"https:\/\/fidef.org\/?page_id=2389"},"modified":"2024-04-24T22:29:45","modified_gmt":"2024-04-24T20:29:45","slug":"gestion-des-finances-publiques-dakar","status":"publish","type":"page","link":"https:\/\/fidef.org\/?page_id=2389","title":{"rendered":"Gestion des finances publiques Dakar"},"content":{"rendered":"\t\t<div data-elementor-type=\"wp-page\" data-elementor-id=\"2389\" class=\"elementor elementor-2389\">\n\t\t\t\t<div class=\"elementor-element elementor-element-c4f981d e-flex e-con-boxed e-con e-parent\" data-id=\"c4f981d\" data-element_type=\"container\" data-e-type=\"container\">\n\t\t\t\t\t<div class=\"e-con-inner\">\n\t\t<div class=\"elementor-element elementor-element-b0563f4 e-con-full e-flex e-con e-child\" data-id=\"b0563f4\" data-element_type=\"container\" data-e-type=\"container\">\n\t\t\t\t<div class=\"elementor-element elementor-element-964d45d elementor-widget elementor-widget-image\" data-id=\"964d45d\" data-element_type=\"widget\" data-e-type=\"widget\" data-widget_type=\"image.default\">\n\t\t\t\t<div class=\"elementor-widget-container\">\n\t\t\t\t\t\t\t\t\t\t\t\t\t\t\t<img fetchpriority=\"high\" decoding=\"async\" width=\"531\" height=\"460\" src=\"https:\/\/fidef.org\/wp-content\/uploads\/2024\/04\/SECTEUR-PUBLIC-PFM-2015.png\" class=\"attachment-large size-large wp-image-2317\" alt=\"Secteur public PFM 2015\" srcset=\"https:\/\/fidef.org\/wp-content\/uploads\/2024\/04\/SECTEUR-PUBLIC-PFM-2015.png 531w, https:\/\/fidef.org\/wp-content\/uploads\/2024\/04\/SECTEUR-PUBLIC-PFM-2015-500x433.png 500w, https:\/\/fidef.org\/wp-content\/uploads\/2024\/04\/SECTEUR-PUBLIC-PFM-2015-300x260.png 300w, https:\/\/fidef.org\/wp-content\/uploads\/2024\/04\/SECTEUR-PUBLIC-PFM-2015-87x75.png 87w, https:\/\/fidef.org\/wp-content\/uploads\/2024\/04\/SECTEUR-PUBLIC-PFM-2015-480x416.png 480w\" sizes=\"(max-width:767px) 480px, 531px\" \/>\t\t\t\t\t\t\t\t\t\t\t\t\t\t\t<\/div>\n\t\t\t\t<\/div>\n\t\t\t\t<\/div>\n\t\t<div class=\"elementor-element elementor-element-40f0f06 e-con-full e-flex e-con e-child\" data-id=\"40f0f06\" data-element_type=\"container\" data-e-type=\"container\">\n\t\t\t\t<div class=\"elementor-element elementor-element-fc00860 elementor-widget elementor-widget-heading\" data-id=\"fc00860\" data-element_type=\"widget\" data-e-type=\"widget\" data-widget_type=\"heading.default\">\n\t\t\t\t<div class=\"elementor-widget-container\">\n\t\t\t\t\t<h2 class=\"elementor-heading-title elementor-size-default\">Gestion des finances publiques <\/h2>\t\t\t\t<\/div>\n\t\t\t\t<\/div>\n\t\t\t\t<div class=\"elementor-element elementor-element-93341d0 elementor-widget elementor-widget-heading\" data-id=\"93341d0\" data-element_type=\"widget\" data-e-type=\"widget\" data-widget_type=\"heading.default\">\n\t\t\t\t<div class=\"elementor-widget-container\">\n\t\t\t\t\t<h2 class=\"elementor-heading-title elementor-size-default\">Supports<\/h2>\t\t\t\t<\/div>\n\t\t\t\t<\/div>\n\t\t\t\t<\/div>\n\t\t\t\t\t<\/div>\n\t\t\t\t<\/div>\n\t\t<div class=\"elementor-element elementor-element-3c9af5c e-flex e-con-boxed e-con e-parent\" data-id=\"3c9af5c\" data-element_type=\"container\" data-e-type=\"container\">\n\t\t\t\t\t<div class=\"e-con-inner\">\n\t\t\t\t<div class=\"elementor-element elementor-element-595e02d elementor-widget-divider--view-line elementor-widget elementor-widget-divider\" data-id=\"595e02d\" data-element_type=\"widget\" data-e-type=\"widget\" data-widget_type=\"divider.default\">\n\t\t\t\t<div class=\"elementor-widget-container\">\n\t\t\t\t\t\t\t<div class=\"elementor-divider\">\n\t\t\t<span class=\"elementor-divider-separator\">\n\t\t\t\t\t\t<\/span>\n\t\t<\/div>\n\t\t\t\t\t\t<\/div>\n\t\t\t\t<\/div>\n\t\t\t\t\t<\/div>\n\t\t\t\t<\/div>\n\t\t<div class=\"elementor-element elementor-element-177fd6f e-flex e-con-boxed e-con e-parent\" data-id=\"177fd6f\" data-element_type=\"container\" data-e-type=\"container\">\n\t\t\t\t\t<div class=\"e-con-inner\">\n\t\t\t\t<div class=\"elementor-element elementor-element-1a7da87 elementor-widget elementor-widget-heading\" data-id=\"1a7da87\" data-element_type=\"widget\" data-e-type=\"widget\" data-widget_type=\"heading.default\">\n\t\t\t\t<div class=\"elementor-widget-container\">\n\t\t\t\t\t<h5 class=\"elementor-heading-title elementor-size-default\"><a href=\"https:\/\/fidef.org\/wp-content\/uploads\/2024\/04\/PFM-Conference_Master.pdf\">Conf\u00e9rence sur la gestion des finances publiques - Informations acc\u00e8s sur les r\u00e9sultats <\/a><\/h5>\t\t\t\t<\/div>\n\t\t\t\t<\/div>\n\t\t\t\t\t<\/div>\n\t\t\t\t<\/div>\n\t\t<div class=\"elementor-element elementor-element-c03d9d6 e-flex e-con-boxed e-con e-parent\" data-id=\"c03d9d6\" data-element_type=\"container\" data-e-type=\"container\">\n\t\t\t\t\t<div class=\"e-con-inner\">\n\t\t\t\t<div class=\"elementor-element elementor-element-d53d4cf elementor-widget-divider--view-line elementor-widget elementor-widget-divider\" data-id=\"d53d4cf\" data-element_type=\"widget\" data-e-type=\"widget\" data-widget_type=\"divider.default\">\n\t\t\t\t<div class=\"elementor-widget-container\">\n\t\t\t\t\t\t\t<div class=\"elementor-divider\">\n\t\t\t<span class=\"elementor-divider-separator\">\n\t\t\t\t\t\t<\/span>\n\t\t<\/div>\n\t\t\t\t\t\t<\/div>\n\t\t\t\t<\/div>\n\t\t\t\t\t<\/div>\n\t\t\t\t<\/div>\n\t\t<div class=\"elementor-element elementor-element-4e695cc e-flex e-con-boxed e-con e-parent\" data-id=\"4e695cc\" data-element_type=\"container\" data-e-type=\"container\">\n\t\t\t\t\t<div class=\"e-con-inner\">\n\t\t\t\t<div class=\"elementor-element elementor-element-9632c04 elementor-widget elementor-widget-heading\" data-id=\"9632c04\" data-element_type=\"widget\" data-e-type=\"widget\" data-widget_type=\"heading.default\">\n\t\t\t\t<div class=\"elementor-widget-container\">\n\t\t\t\t\t<h5 class=\"elementor-heading-title elementor-size-default\"><a href=\"https:\/\/fidef.org\/wp-content\/uploads\/2024\/04\/plan-action-presente-a-Dakar.pdf\">Comment la profession comptable peut-elle assister le secteur informel en vue de contribuer \u00e0 l'\u00e9mergence de l'\u00e9conomie <\/a><\/h5>\t\t\t\t<\/div>\n\t\t\t\t<\/div>\n\t\t\t\t\t<\/div>\n\t\t\t\t<\/div>\n\t\t<div class=\"elementor-element elementor-element-df979f0 e-flex e-con-boxed e-con e-parent\" data-id=\"df979f0\" data-element_type=\"container\" data-e-type=\"container\">\n\t\t\t\t\t<div class=\"e-con-inner\">\n\t\t\t\t<div class=\"elementor-element elementor-element-8bb1673 elementor-widget-divider--view-line elementor-widget elementor-widget-divider\" data-id=\"8bb1673\" data-element_type=\"widget\" data-e-type=\"widget\" data-widget_type=\"divider.default\">\n\t\t\t\t<div class=\"elementor-widget-container\">\n\t\t\t\t\t\t\t<div class=\"elementor-divider\">\n\t\t\t<span class=\"elementor-divider-separator\">\n\t\t\t\t\t\t<\/span>\n\t\t<\/div>\n\t\t\t\t\t\t<\/div>\n\t\t\t\t<\/div>\n\t\t\t\t\t<\/div>\n\t\t\t\t<\/div>\n\t\t<div class=\"elementor-element elementor-element-06c9ca5 e-flex e-con-boxed e-con e-parent\" data-id=\"06c9ca5\" data-element_type=\"container\" data-e-type=\"container\">\n\t\t\t\t\t<div class=\"e-con-inner\">\n\t\t\t\t<div class=\"elementor-element elementor-element-9e825c7 elementor-widget elementor-widget-heading\" data-id=\"9e825c7\" data-element_type=\"widget\" data-e-type=\"widget\" data-widget_type=\"heading.default\">\n\t\t\t\t<div class=\"elementor-widget-container\">\n\t\t\t\t\t<h5 class=\"elementor-heading-title elementor-size-default\"><a href=\"https:\/\/fidef.org\/wp-content\/uploads\/2024\/04\/Appel-a-lAction-Dakar-Octobre-2015.pdf\">Conf\u00e9rence de Haut Niveau sur les R\u00e9formes de la Gestion des Finances \nPubliques en Afrique Francophone<\/a><\/h5>\t\t\t\t<\/div>\n\t\t\t\t<\/div>\n\t\t\t\t\t<\/div>\n\t\t\t\t<\/div>\n\t\t<div class=\"elementor-element elementor-element-0ac88a6 e-flex e-con-boxed e-con e-parent\" data-id=\"0ac88a6\" data-element_type=\"container\" data-e-type=\"container\">\n\t\t\t\t\t<div class=\"e-con-inner\">\n\t\t\t\t<div class=\"elementor-element elementor-element-64c4d39 elementor-widget-divider--view-line elementor-widget elementor-widget-divider\" data-id=\"64c4d39\" data-element_type=\"widget\" data-e-type=\"widget\" data-widget_type=\"divider.default\">\n\t\t\t\t<div class=\"elementor-widget-container\">\n\t\t\t\t\t\t\t<div class=\"elementor-divider\">\n\t\t\t<span class=\"elementor-divider-separator\">\n\t\t\t\t\t\t<\/span>\n\t\t<\/div>\n\t\t\t\t\t\t<\/div>\n\t\t\t\t<\/div>\n\t\t\t\t\t<\/div>\n\t\t\t\t<\/div>\n\t\t<div class=\"elementor-element elementor-element-b398bcd e-flex e-con-boxed e-con e-parent\" data-id=\"b398bcd\" data-element_type=\"container\" data-e-type=\"container\">\n\t\t\t\t\t<div class=\"e-con-inner\">\n\t\t\t\t\t<\/div>\n\t\t\t\t<\/div>\n\t\t\t\t<\/div>\n\t\t","protected":false},"excerpt":{"rendered":"<p>Gestion des finances publiques Supports Conf\u00e9rence sur la gestion des finances publiques &#8211; Informations acc\u00e8s sur les r\u00e9sultats Comment la profession comptable peut-elle assister le secteur<span class=\"excerpt-hellip\"> [\u2026]<\/span><\/p>\n","protected":false},"author":1,"featured_media":0,"parent":0,"menu_order":0,"comment_status":"closed","ping_status":"closed","template":"","meta":{"footnotes":""},"folder":[],"class_list":["post-2389","page","type-page","status-publish","hentry"],"jetpack_sharing_enabled":true,"_links":{"self":[{"href":"https:\/\/fidef.org\/index.php?rest_route=\/wp\/v2\/pages\/2389","targetHints":{"allow":["GET"]}}],"collection":[{"href":"https:\/\/fidef.org\/index.php?rest_route=\/wp\/v2\/pages"}],"about":[{"href":"https:\/\/fidef.org\/index.php?rest_route=\/wp\/v2\/types\/page"}],"author":[{"embeddable":true,"href":"https:\/\/fidef.org\/index.php?rest_route=\/wp\/v2\/users\/1"}],"replies":[{"embeddable":true,"href":"https:\/\/fidef.org\/index.php?rest_route=%2Fwp%2Fv2%2Fcomments&post=2389"}],"version-history":[{"count":10,"href":"https:\/\/fidef.org\/index.php?rest_route=\/wp\/v2\/pages\/2389\/revisions"}],"predecessor-version":[{"id":2443,"href":"https:\/\/fidef.org\/index.php?rest_route=\/wp\/v2\/pages\/2389\/revisions\/2443"}],"wp:attachment":[{"href":"https:\/\/fidef.org\/index.php?rest_route=%2Fwp%2Fv2%2Fmedia&parent=2389"}],"wp:term":[{"taxonomy":"folder","embeddable":true,"href":"https:\/\/fidef.org\/index.php?rest_route=%2Fwp%2Fv2%2Ffolder&post=2389"}],"curies":[{"name":"wp","href":"https:\/\/api.w.org\/{rel}","templated":true}]}}