{"id":1902,"date":"2024-03-25T09:42:58","date_gmt":"2024-03-25T08:42:58","guid":{"rendered":"https:\/\/fidef.org\/?page_id=1902"},"modified":"2024-03-29T02:50:06","modified_gmt":"2024-03-29T01:50:06","slug":"documentation-assise-dakar","status":"publish","type":"page","link":"https:\/\/fidef.org\/?page_id=1902","title":{"rendered":"Documentation des Assises de Dakar"},"content":{"rendered":"\t\t<div data-elementor-type=\"wp-page\" data-elementor-id=\"1902\" class=\"elementor elementor-1902\">\n\t\t\t\t<div class=\"elementor-element elementor-element-9275a4a e-flex e-con-boxed e-con e-parent\" data-id=\"9275a4a\" data-element_type=\"container\" data-e-type=\"container\">\n\t\t\t\t\t<div class=\"e-con-inner\">\n\t\t<div class=\"elementor-element elementor-element-ac08bff e-con-full e-flex e-con e-child\" data-id=\"ac08bff\" data-element_type=\"container\" data-e-type=\"container\">\n\t\t\t\t<div class=\"elementor-element elementor-element-1af84a4 elementor-widget elementor-widget-image\" data-id=\"1af84a4\" data-element_type=\"widget\" data-e-type=\"widget\" data-widget_type=\"image.default\">\n\t\t\t\t<div class=\"elementor-widget-container\">\n\t\t\t\t\t\t\t\t\t\t\t\t\t\t\t<img fetchpriority=\"high\" decoding=\"async\" width=\"1135\" height=\"392\" src=\"https:\/\/fidef.org\/wp-content\/uploads\/2024\/03\/Update-dakar-sens-inv.png\" class=\"attachment-large size-large wp-image-2191\" alt=\"Assises de Dakar\" srcset=\"https:\/\/fidef.org\/wp-content\/uploads\/2024\/03\/Update-dakar-sens-inv.png 1135w, https:\/\/fidef.org\/wp-content\/uploads\/2024\/03\/Update-dakar-sens-inv-500x173.png 500w, https:\/\/fidef.org\/wp-content\/uploads\/2024\/03\/Update-dakar-sens-inv-300x104.png 300w, https:\/\/fidef.org\/wp-content\/uploads\/2024\/03\/Update-dakar-sens-inv-768x265.png 768w, https:\/\/fidef.org\/wp-content\/uploads\/2024\/03\/Update-dakar-sens-inv-150x52.png 150w, https:\/\/fidef.org\/wp-content\/uploads\/2024\/03\/Update-dakar-sens-inv-480x166.png 480w\" sizes=\"(max-width:767px) 480px, (max-width:1135px) 100vw, 1135px\" \/>\t\t\t\t\t\t\t\t\t\t\t\t\t\t\t<\/div>\n\t\t\t\t<\/div>\n\t\t\t\t<\/div>\n\t\t\t\t<div class=\"elementor-element elementor-element-dbabf4d elementor-widget-divider--view-line elementor-widget elementor-widget-divider\" data-id=\"dbabf4d\" data-element_type=\"widget\" data-e-type=\"widget\" data-widget_type=\"divider.default\">\n\t\t\t\t<div class=\"elementor-widget-container\">\n\t\t\t\t\t\t\t<div class=\"elementor-divider\">\n\t\t\t<span class=\"elementor-divider-separator\">\n\t\t\t\t\t\t<\/span>\n\t\t<\/div>\n\t\t\t\t\t\t<\/div>\n\t\t\t\t<\/div>\n\t\t<div class=\"elementor-element elementor-element-131977a e-con-full e-flex e-con e-child\" data-id=\"131977a\" data-element_type=\"container\" data-e-type=\"container\">\n\t\t\t\t<div class=\"elementor-element elementor-element-8d48728 elementor-widget elementor-widget-heading\" data-id=\"8d48728\" data-element_type=\"widget\" data-e-type=\"widget\" data-widget_type=\"heading.default\">\n\t\t\t\t<div class=\"elementor-widget-container\">\n\t\t\t\t\t<h2 class=\"elementor-heading-title elementor-size-default\">Supports de pr\u00e9sentation des Assises de Dakar<\/h2>\t\t\t\t<\/div>\n\t\t\t\t<\/div>\n\t\t\t\t<div class=\"elementor-element elementor-element-366cb15 elementor-widget elementor-widget-progress\" data-id=\"366cb15\" data-element_type=\"widget\" data-e-type=\"widget\" data-widget_type=\"progress.default\">\n\t\t\t\t<div class=\"elementor-widget-container\">\n\t\t\t\t\t\n\t\t<div class=\"elementor-progress-wrapper\" role=\"progressbar\" aria-valuemin=\"0\" aria-valuemax=\"100\" aria-valuenow=\"95\">\n\t\t\t<div class=\"elementor-progress-bar\" data-max=\"95\">\n\t\t\t\t<span class=\"elementor-progress-text\"><\/span>\n\t\t\t\t\t\t\t<\/div>\n\t\t<\/div>\n\t\t\t\t\t\t<\/div>\n\t\t\t\t<\/div>\n\t\t\t\t<div class=\"elementor-element elementor-element-6913f7a elementor-widget elementor-widget-heading\" data-id=\"6913f7a\" data-element_type=\"widget\" data-e-type=\"widget\" data-widget_type=\"heading.default\">\n\t\t\t\t<div class=\"elementor-widget-container\">\n\t\t\t\t\t<h5 class=\"elementor-heading-title elementor-size-default\"><a href=\"https:\/\/fidef.org\/wp-content\/uploads\/2024\/03\/Fidef_Assises_2014_Presentation_Atelier_1_droit_et_secteur_informel.pdf\">\u00c9conomie informelle, \u00e9conomie \u00e9mergente, la profession comptable francophone s'engage.<\/a><\/h5>\t\t\t\t<\/div>\n\t\t\t\t<\/div>\n\t\t\t\t<div class=\"elementor-element elementor-element-fb09514 elementor-widget-divider--view-line elementor-widget elementor-widget-divider\" data-id=\"fb09514\" data-element_type=\"widget\" data-e-type=\"widget\" data-widget_type=\"divider.default\">\n\t\t\t\t<div class=\"elementor-widget-container\">\n\t\t\t\t\t\t\t<div class=\"elementor-divider\">\n\t\t\t<span class=\"elementor-divider-separator\">\n\t\t\t\t\t\t<\/span>\n\t\t<\/div>\n\t\t\t\t\t\t<\/div>\n\t\t\t\t<\/div>\n\t\t\t\t<div class=\"elementor-element elementor-element-737223c elementor-widget elementor-widget-heading\" data-id=\"737223c\" data-element_type=\"widget\" data-e-type=\"widget\" data-widget_type=\"heading.default\">\n\t\t\t\t<div class=\"elementor-widget-container\">\n\t\t\t\t\t<h5 class=\"elementor-heading-title elementor-size-default\"><a href=\"https:\/\/fidef.org\/wp-content\/uploads\/2024\/03\/Fidef_Assises_2014_Presentation_Atelier_1_migration_DGID.pdf\">Quel environnement fiscal pour la migration d'une \u00e9conomie informelle vers une \u00e9conomie \u00e9mergente.<\/a><\/h5>\t\t\t\t<\/div>\n\t\t\t\t<\/div>\n\t\t\t\t<div class=\"elementor-element elementor-element-8cda6c0 elementor-widget-divider--view-line elementor-widget elementor-widget-divider\" data-id=\"8cda6c0\" data-element_type=\"widget\" data-e-type=\"widget\" data-widget_type=\"divider.default\">\n\t\t\t\t<div class=\"elementor-widget-container\">\n\t\t\t\t\t\t\t<div class=\"elementor-divider\">\n\t\t\t<span class=\"elementor-divider-separator\">\n\t\t\t\t\t\t<\/span>\n\t\t<\/div>\n\t\t\t\t\t\t<\/div>\n\t\t\t\t<\/div>\n\t\t\t\t<div class=\"elementor-element elementor-element-e938e42 elementor-widget elementor-widget-heading\" data-id=\"e938e42\" data-element_type=\"widget\" data-e-type=\"widget\" data-widget_type=\"heading.default\">\n\t\t\t\t<div class=\"elementor-widget-container\">\n\t\t\t\t\t<h5 class=\"elementor-heading-title elementor-size-default\"><a href=\"https:\/\/fidef.org\/wp-content\/uploads\/2024\/03\/Fidef_Assises_2014_Presentation_Atelier_2_Entreprenant-OHADA.pdf\">OHADA L'entreprenant<\/a><\/h5>\t\t\t\t<\/div>\n\t\t\t\t<\/div>\n\t\t\t\t<div class=\"elementor-element elementor-element-e750930 elementor-widget-divider--view-line elementor-widget elementor-widget-divider\" data-id=\"e750930\" data-element_type=\"widget\" data-e-type=\"widget\" data-widget_type=\"divider.default\">\n\t\t\t\t<div class=\"elementor-widget-container\">\n\t\t\t\t\t\t\t<div class=\"elementor-divider\">\n\t\t\t<span class=\"elementor-divider-separator\">\n\t\t\t\t\t\t<\/span>\n\t\t<\/div>\n\t\t\t\t\t\t<\/div>\n\t\t\t\t<\/div>\n\t\t\t\t<div class=\"elementor-element elementor-element-641756d elementor-widget elementor-widget-heading\" data-id=\"641756d\" data-element_type=\"widget\" data-e-type=\"widget\" data-widget_type=\"heading.default\">\n\t\t\t\t<div class=\"elementor-widget-container\">\n\t\t\t\t\t<h5 class=\"elementor-heading-title elementor-size-default\"><a href=\"https:\/\/fidef.org\/wp-content\/uploads\/2024\/03\/Fidef_Assises_2014_Presentation_Atelier_2_Financement.pdf\">Financement des TPE -PME<\/a><\/h5>\t\t\t\t<\/div>\n\t\t\t\t<\/div>\n\t\t\t\t<div class=\"elementor-element elementor-element-3db8bb7 elementor-widget-divider--view-line elementor-widget elementor-widget-divider\" data-id=\"3db8bb7\" data-element_type=\"widget\" data-e-type=\"widget\" data-widget_type=\"divider.default\">\n\t\t\t\t<div class=\"elementor-widget-container\">\n\t\t\t\t\t\t\t<div class=\"elementor-divider\">\n\t\t\t<span class=\"elementor-divider-separator\">\n\t\t\t\t\t\t<\/span>\n\t\t<\/div>\n\t\t\t\t\t\t<\/div>\n\t\t\t\t<\/div>\n\t\t\t\t<div class=\"elementor-element elementor-element-9499d39 elementor-widget elementor-widget-heading\" data-id=\"9499d39\" data-element_type=\"widget\" data-e-type=\"widget\" data-widget_type=\"heading.default\">\n\t\t\t\t<div class=\"elementor-widget-container\">\n\t\t\t\t\t<h5 class=\"elementor-heading-title elementor-size-default\"><a href=\"https:\/\/fidef.org\/wp-content\/uploads\/2024\/03\/Fidef_Assises_2014_Presentation_Atelier_3_Cadre_Reddition_Comptes_Simplifie_Europe.pdf\">Simplification du cadre comptable et de la reddition de comptes de TPE : l'exp\u00e9rience europ\u00e9enne<\/a><\/h5>\t\t\t\t<\/div>\n\t\t\t\t<\/div>\n\t\t\t\t<div class=\"elementor-element elementor-element-0272bf5 elementor-widget-divider--view-line elementor-widget elementor-widget-divider\" data-id=\"0272bf5\" data-element_type=\"widget\" data-e-type=\"widget\" data-widget_type=\"divider.default\">\n\t\t\t\t<div class=\"elementor-widget-container\">\n\t\t\t\t\t\t\t<div class=\"elementor-divider\">\n\t\t\t<span class=\"elementor-divider-separator\">\n\t\t\t\t\t\t<\/span>\n\t\t<\/div>\n\t\t\t\t\t\t<\/div>\n\t\t\t\t<\/div>\n\t\t\t\t<div class=\"elementor-element elementor-element-705e8fc elementor-widget elementor-widget-heading\" data-id=\"705e8fc\" data-element_type=\"widget\" data-e-type=\"widget\" data-widget_type=\"heading.default\">\n\t\t\t\t<div class=\"elementor-widget-container\">\n\t\t\t\t\t<h5 class=\"elementor-heading-title elementor-size-default\"><a href=\"https:\/\/fidef.org\/wp-content\/uploads\/2024\/03\/Fidef_Assises_2014_Presentation_Atelier_3_Diagnostic_CGA_Pays_Francophones.pdf\">Notre politique sur les causes des r\u00e9sultats mitig\u00e9s dans la mise en \u0153uvre des CGA et formulation de recommandation<\/a><\/h5>\t\t\t\t<\/div>\n\t\t\t\t<\/div>\n\t\t\t\t<div class=\"elementor-element elementor-element-c5e3976 elementor-widget-divider--view-line elementor-widget elementor-widget-divider\" data-id=\"c5e3976\" data-element_type=\"widget\" data-e-type=\"widget\" data-widget_type=\"divider.default\">\n\t\t\t\t<div class=\"elementor-widget-container\">\n\t\t\t\t\t\t\t<div class=\"elementor-divider\">\n\t\t\t<span class=\"elementor-divider-separator\">\n\t\t\t\t\t\t<\/span>\n\t\t<\/div>\n\t\t\t\t\t\t<\/div>\n\t\t\t\t<\/div>\n\t\t\t\t<div class=\"elementor-element elementor-element-0510156 elementor-widget elementor-widget-heading\" data-id=\"0510156\" data-element_type=\"widget\" data-e-type=\"widget\" data-widget_type=\"heading.default\">\n\t\t\t\t<div class=\"elementor-widget-container\">\n\t\t\t\t\t<h5 class=\"elementor-heading-title elementor-size-default\"><a href=\"https:\/\/fidef.org\/wp-content\/uploads\/2024\/03\/Fidef_Assises_2014_Presentation_Atelier_3_fullservice_France.pdf\">Au-del\u00e0 des missions de production classiques<\/a><\/h5>\t\t\t\t<\/div>\n\t\t\t\t<\/div>\n\t\t\t\t<div class=\"elementor-element elementor-element-8ad0349 elementor-widget-divider--view-line elementor-widget elementor-widget-divider\" data-id=\"8ad0349\" data-element_type=\"widget\" data-e-type=\"widget\" data-widget_type=\"divider.default\">\n\t\t\t\t<div class=\"elementor-widget-container\">\n\t\t\t\t\t\t\t<div class=\"elementor-divider\">\n\t\t\t<span class=\"elementor-divider-separator\">\n\t\t\t\t\t\t<\/span>\n\t\t<\/div>\n\t\t\t\t\t\t<\/div>\n\t\t\t\t<\/div>\n\t\t\t\t<div class=\"elementor-element elementor-element-c92bac8 elementor-widget elementor-widget-heading\" data-id=\"c92bac8\" data-element_type=\"widget\" data-e-type=\"widget\" data-widget_type=\"heading.default\">\n\t\t\t\t<div class=\"elementor-widget-container\">\n\t\t\t\t\t<h5 class=\"elementor-heading-title elementor-size-default\"><a href=\"https:\/\/fidef.org\/wp-content\/uploads\/2024\/03\/Fidef_Assises_2014_Presentation_Atelier_3_Normalisation_Comptable_Pour_Les_TPE_Espace_UEMOA.pdf\">Normalisation comptable pour les TPE dans la zone UEMOA<\/a><\/h5>\t\t\t\t<\/div>\n\t\t\t\t<\/div>\n\t\t\t\t<div class=\"elementor-element elementor-element-8cdfa59 elementor-widget-divider--view-line elementor-widget elementor-widget-divider\" data-id=\"8cdfa59\" data-element_type=\"widget\" data-e-type=\"widget\" data-widget_type=\"divider.default\">\n\t\t\t\t<div class=\"elementor-widget-container\">\n\t\t\t\t\t\t\t<div class=\"elementor-divider\">\n\t\t\t<span class=\"elementor-divider-separator\">\n\t\t\t\t\t\t<\/span>\n\t\t<\/div>\n\t\t\t\t\t\t<\/div>\n\t\t\t\t<\/div>\n\t\t\t\t<div class=\"elementor-element elementor-element-d7fbbb2 elementor-widget elementor-widget-heading\" data-id=\"d7fbbb2\" data-element_type=\"widget\" data-e-type=\"widget\" data-widget_type=\"heading.default\">\n\t\t\t\t<div class=\"elementor-widget-container\">\n\t\t\t\t\t<h5 class=\"elementor-heading-title elementor-size-default\"><a href=\"https:\/\/fidef.org\/wp-content\/uploads\/2024\/03\/Fidef_Assises_2014_Rapport_Atelier_1.pdf\">Environnement juridique et fiscal attractif pour un secteur informel relais de l'\u00e9mergence \u00e9conomique<\/a><\/h5>\t\t\t\t<\/div>\n\t\t\t\t<\/div>\n\t\t\t\t<div class=\"elementor-element elementor-element-82c48fb elementor-widget-divider--view-line elementor-widget elementor-widget-divider\" data-id=\"82c48fb\" data-element_type=\"widget\" data-e-type=\"widget\" data-widget_type=\"divider.default\">\n\t\t\t\t<div class=\"elementor-widget-container\">\n\t\t\t\t\t\t\t<div class=\"elementor-divider\">\n\t\t\t<span class=\"elementor-divider-separator\">\n\t\t\t\t\t\t<\/span>\n\t\t<\/div>\n\t\t\t\t\t\t<\/div>\n\t\t\t\t<\/div>\n\t\t\t\t<div class=\"elementor-element elementor-element-861729a elementor-widget elementor-widget-heading\" data-id=\"861729a\" data-element_type=\"widget\" data-e-type=\"widget\" data-widget_type=\"heading.default\">\n\t\t\t\t<div class=\"elementor-widget-container\">\n\t\t\t\t\t<h5 class=\"elementor-heading-title elementor-size-default\"><a href=\"https:\/\/fidef.org\/wp-content\/uploads\/2024\/03\/Fidef_Assises_2014_Rapport_Atelier_2.pdf\">Environnement des affaires, financement et mesures incitatives pour accompagner le secteur informel dans une \u00e9conomie en \u00e9mergence<\/a><\/h5>\t\t\t\t<\/div>\n\t\t\t\t<\/div>\n\t\t\t\t<div class=\"elementor-element elementor-element-98eb1d3 elementor-widget-divider--view-line elementor-widget elementor-widget-divider\" data-id=\"98eb1d3\" data-element_type=\"widget\" data-e-type=\"widget\" data-widget_type=\"divider.default\">\n\t\t\t\t<div class=\"elementor-widget-container\">\n\t\t\t\t\t\t\t<div class=\"elementor-divider\">\n\t\t\t<span class=\"elementor-divider-separator\">\n\t\t\t\t\t\t<\/span>\n\t\t<\/div>\n\t\t\t\t\t\t<\/div>\n\t\t\t\t<\/div>\n\t\t\t\t<div class=\"elementor-element elementor-element-9b3ce70 elementor-widget elementor-widget-heading\" data-id=\"9b3ce70\" data-element_type=\"widget\" data-e-type=\"widget\" data-widget_type=\"heading.default\">\n\t\t\t\t<div class=\"elementor-widget-container\">\n\t\t\t\t\t<h5 class=\"elementor-heading-title elementor-size-default\"><a href=\"https:\/\/fidef.org\/wp-content\/uploads\/2024\/03\/Fidef_Assises_2014_Rapport_Atelier_3.pdf\">Informations financi\u00e8res et comptables, accompagnement et service aux TPE par les professionnels<\/a><\/h5>\t\t\t\t<\/div>\n\t\t\t\t<\/div>\n\t\t\t\t<div class=\"elementor-element elementor-element-80577d0 elementor-widget-divider--view-line elementor-widget elementor-widget-divider\" data-id=\"80577d0\" data-element_type=\"widget\" data-e-type=\"widget\" data-widget_type=\"divider.default\">\n\t\t\t\t<div class=\"elementor-widget-container\">\n\t\t\t\t\t\t\t<div class=\"elementor-divider\">\n\t\t\t<span class=\"elementor-divider-separator\">\n\t\t\t\t\t\t<\/span>\n\t\t<\/div>\n\t\t\t\t\t\t<\/div>\n\t\t\t\t<\/div>\n\t\t\t\t<div class=\"elementor-element elementor-element-3642445 elementor-widget elementor-widget-heading\" data-id=\"3642445\" data-element_type=\"widget\" data-e-type=\"widget\" data-widget_type=\"heading.default\">\n\t\t\t\t<div class=\"elementor-widget-container\">\n\t\t\t\t\t<h5 class=\"elementor-heading-title elementor-size-default\"><a href=\"https:\/\/fidef.org\/wp-content\/uploads\/2024\/03\/Diapo-FIDEF-Secteur-inform.pdf\">Contribution de l'UEMOA \u00e0 l'am\u00e9lioration de la fiscalisation du secteur informel<\/a><\/h5>\t\t\t\t<\/div>\n\t\t\t\t<\/div>\n\t\t\t\t<div class=\"elementor-element elementor-element-0d8c297 elementor-widget-divider--view-line elementor-widget elementor-widget-divider\" data-id=\"0d8c297\" data-element_type=\"widget\" data-e-type=\"widget\" data-widget_type=\"divider.default\">\n\t\t\t\t<div class=\"elementor-widget-container\">\n\t\t\t\t\t\t\t<div class=\"elementor-divider\">\n\t\t\t<span class=\"elementor-divider-separator\">\n\t\t\t\t\t\t<\/span>\n\t\t<\/div>\n\t\t\t\t\t\t<\/div>\n\t\t\t\t<\/div>\n\t\t\t\t<div class=\"elementor-element elementor-element-984ddf4 elementor-widget elementor-widget-heading\" data-id=\"984ddf4\" data-element_type=\"widget\" data-e-type=\"widget\" data-widget_type=\"heading.default\">\n\t\t\t\t<div class=\"elementor-widget-container\">\n\t\t\t\t\t<h5 class=\"elementor-heading-title elementor-size-default\"><a href=\"https:\/\/fidef.org\/wp-content\/uploads\/2024\/03\/cloture_WAllen.pdf\">International Federation of Accountants<\/a><\/h5>\t\t\t\t<\/div>\n\t\t\t\t<\/div>\n\t\t\t\t<div class=\"elementor-element elementor-element-946b5e0 elementor-widget-divider--view-line elementor-widget elementor-widget-divider\" data-id=\"946b5e0\" data-element_type=\"widget\" data-e-type=\"widget\" data-widget_type=\"divider.default\">\n\t\t\t\t<div class=\"elementor-widget-container\">\n\t\t\t\t\t\t\t<div class=\"elementor-divider\">\n\t\t\t<span class=\"elementor-divider-separator\">\n\t\t\t\t\t\t<\/span>\n\t\t<\/div>\n\t\t\t\t\t\t<\/div>\n\t\t\t\t<\/div>\n\t\t\t\t<\/div>\n\t\t\t\t\t<\/div>\n\t\t\t\t<\/div>\n\t\t<div class=\"elementor-element elementor-element-a47b6b5 e-flex e-con-boxed e-con e-parent\" data-id=\"a47b6b5\" data-element_type=\"container\" data-e-type=\"container\">\n\t\t\t\t\t<div class=\"e-con-inner\">\n\t\t\t\t<div class=\"elementor-element elementor-element-3d37667 elementor-widget elementor-widget-heading\" data-id=\"3d37667\" data-element_type=\"widget\" data-e-type=\"widget\" data-widget_type=\"heading.default\">\n\t\t\t\t<div class=\"elementor-widget-container\">\n\t\t\t\t\t<h2 class=\"elementor-heading-title elementor-size-default\"><a href=\"https:\/\/www.youtube.com\/channel\/UCkwS1Xd_efj-c7Rm6tXI3hA\">L'\u00e9v\u00e9nement en image<\/a><\/h2>\t\t\t\t<\/div>\n\t\t\t\t<\/div>\n\t\t\t\t\t<\/div>\n\t\t\t\t<\/div>\n\t\t<div class=\"elementor-element elementor-element-1474d8c e-flex e-con-boxed e-con e-parent\" data-id=\"1474d8c\" data-element_type=\"container\" data-e-type=\"container\">\n\t\t\t\t\t<div class=\"e-con-inner\">\n\t\t\t\t<div class=\"elementor-element elementor-element-f7ea355 elementor-widget elementor-widget-video\" data-id=\"f7ea355\" data-element_type=\"widget\" data-e-type=\"widget\" data-settings=\"{&quot;youtube_url&quot;:&quot;https:\\\/\\\/youtu.be\\\/hyt-fn8LKYY?si=eFbo9XuMKlgD8Swx&quot;,&quot;video_type&quot;:&quot;youtube&quot;,&quot;controls&quot;:&quot;yes&quot;}\" data-widget_type=\"video.default\">\n\t\t\t\t<div class=\"elementor-widget-container\">\n\t\t\t\t\t\t\t<div class=\"elementor-wrapper elementor-open-inline\">\n\t\t\t<div class=\"elementor-video\"><\/div>\t\t<\/div>\n\t\t\t\t\t\t<\/div>\n\t\t\t\t<\/div>\n\t\t\t\t\t<\/div>\n\t\t\t\t<\/div>\n\t\t<div class=\"elementor-element elementor-element-9555812 e-flex e-con-boxed e-con e-parent\" data-id=\"9555812\" data-element_type=\"container\" data-e-type=\"container\">\n\t\t\t\t\t<div class=\"e-con-inner\">\n\t\t\t\t\t<\/div>\n\t\t\t\t<\/div>\n\t\t\t\t<\/div>\n\t\t","protected":false},"excerpt":{"rendered":"<p>Supports de pr\u00e9sentation des Assises de Dakar \u00c9conomie informelle, \u00e9conomie \u00e9mergente, la profession comptable francophone s&rsquo;engage. Quel environnement fiscal pour la migration d&rsquo;une \u00e9conomie informelle vers<span class=\"excerpt-hellip\"> [\u2026]<\/span><\/p>\n","protected":false},"author":1,"featured_media":0,"parent":0,"menu_order":0,"comment_status":"closed","ping_status":"closed","template":"","meta":{"footnotes":""},"folder":[],"class_list":["post-1902","page","type-page","status-publish","hentry"],"jetpack_sharing_enabled":true,"_links":{"self":[{"href":"https:\/\/fidef.org\/index.php?rest_route=\/wp\/v2\/pages\/1902","targetHints":{"allow":["GET"]}}],"collection":[{"href":"https:\/\/fidef.org\/index.php?rest_route=\/wp\/v2\/pages"}],"about":[{"href":"https:\/\/fidef.org\/index.php?rest_route=\/wp\/v2\/types\/page"}],"author":[{"embeddable":true,"href":"https:\/\/fidef.org\/index.php?rest_route=\/wp\/v2\/users\/1"}],"replies":[{"embeddable":true,"href":"https:\/\/fidef.org\/index.php?rest_route=%2Fwp%2Fv2%2Fcomments&post=1902"}],"version-history":[{"count":74,"href":"https:\/\/fidef.org\/index.php?rest_route=\/wp\/v2\/pages\/1902\/revisions"}],"predecessor-version":[{"id":2194,"href":"https:\/\/fidef.org\/index.php?rest_route=\/wp\/v2\/pages\/1902\/revisions\/2194"}],"wp:attachment":[{"href":"https:\/\/fidef.org\/index.php?rest_route=%2Fwp%2Fv2%2Fmedia&parent=1902"}],"wp:term":[{"taxonomy":"folder","embeddable":true,"href":"https:\/\/fidef.org\/index.php?rest_route=%2Fwp%2Fv2%2Ffolder&post=1902"}],"curies":[{"name":"wp","href":"https:\/\/api.w.org\/{rel}","templated":true}]}}