{"id":19,"date":"2020-10-29T08:41:50","date_gmt":"2020-10-29T08:41:50","guid":{"rendered":"https:\/\/fidef.org\/?page_id=19"},"modified":"2024-01-16T18:14:12","modified_gmt":"2024-01-16T17:14:12","slug":"our-company-2","status":"publish","type":"page","link":"https:\/\/fidef.org\/?page_id=19","title":{"rendered":"Notre Expertise"},"content":{"rendered":"\t\t<div data-elementor-type=\"wp-page\" data-elementor-id=\"19\" class=\"elementor elementor-19\">\n\t\t\t\t\t\t<section class=\"elementor-section elementor-top-section elementor-element elementor-element-24f00d9 elementor-section-stretched elementor-section-boxed elementor-section-height-default elementor-section-height-default\" data-id=\"24f00d9\" data-element_type=\"section\" data-e-type=\"section\" data-settings=\"{&quot;stretch_section&quot;:&quot;section-stretched&quot;,&quot;background_background&quot;:&quot;classic&quot;}\">\n\t\t\t\t\t\t<div class=\"elementor-container elementor-column-gap-wider\">\n\t\t\t\t\t<div class=\"elementor-column elementor-col-100 elementor-top-column elementor-element elementor-element-df0b0d1\" data-id=\"df0b0d1\" data-element_type=\"column\" data-e-type=\"column\">\n\t\t\t<div class=\"elementor-widget-wrap elementor-element-populated\">\n\t\t\t\t\t\t<section class=\"elementor-section elementor-inner-section elementor-element elementor-element-dd92b71 elementor-section-boxed elementor-section-height-default elementor-section-height-default\" data-id=\"dd92b71\" data-element_type=\"section\" data-e-type=\"section\">\n\t\t\t\t\t\t<div class=\"elementor-container elementor-column-gap-default\">\n\t\t\t\t\t<div class=\"elementor-column elementor-col-66 elementor-inner-column elementor-element elementor-element-8bc8688\" data-id=\"8bc8688\" data-element_type=\"column\" data-e-type=\"column\">\n\t\t\t<div class=\"elementor-widget-wrap elementor-element-populated\">\n\t\t\t\t\t\t<div class=\"elementor-element elementor-element-a96270f elementor-widget elementor-widget-text-editor\" data-id=\"a96270f\" data-element_type=\"widget\" data-e-type=\"widget\" data-widget_type=\"text-editor.default\">\n\t\t\t\t<div class=\"elementor-widget-container\">\n\t\t\t\t\t\t\t\t\t<h1 style=\"color: #fff;\">Notre expertise<\/h1>\t\t\t\t\t\t\t\t<\/div>\n\t\t\t\t<\/div>\n\t\t\t\t\t<\/div>\n\t\t<\/div>\n\t\t\t\t<div class=\"elementor-column elementor-col-33 elementor-inner-column elementor-element elementor-element-15455da\" data-id=\"15455da\" data-element_type=\"column\" data-e-type=\"column\">\n\t\t\t<div class=\"elementor-widget-wrap\">\n\t\t\t\t\t\t\t<\/div>\n\t\t<\/div>\n\t\t\t\t\t<\/div>\n\t\t<\/section>\n\t\t\t\t<section class=\"elementor-section elementor-inner-section elementor-element elementor-element-a8c494b elementor-section-boxed elementor-section-height-default elementor-section-height-default\" data-id=\"a8c494b\" data-element_type=\"section\" data-e-type=\"section\">\n\t\t\t\t\t\t<div class=\"elementor-container elementor-column-gap-default\">\n\t\t\t\t\t<div class=\"elementor-column elementor-col-33 elementor-inner-column elementor-element elementor-element-529e74a\" data-id=\"529e74a\" data-element_type=\"column\" data-e-type=\"column\">\n\t\t\t<div class=\"elementor-widget-wrap\">\n\t\t\t\t\t\t\t<\/div>\n\t\t<\/div>\n\t\t\t\t<div class=\"elementor-column elementor-col-66 elementor-inner-column elementor-element elementor-element-184f29c\" data-id=\"184f29c\" data-element_type=\"column\" data-e-type=\"column\">\n\t\t\t<div class=\"elementor-widget-wrap elementor-element-populated\">\n\t\t\t\t\t\t<div class=\"elementor-element elementor-element-34513af elementor-widget elementor-widget-text-editor\" data-id=\"34513af\" data-element_type=\"widget\" data-e-type=\"widget\" data-widget_type=\"text-editor.default\">\n\t\t\t\t<div class=\"elementor-widget-container\">\n\t\t\t\t\t\t\t\t\t<h2 style=\"color: #fff;\">Dans le domaine de la comptabilit\u00e9 au niveau internationale s&rsquo;illustre par les activit\u00e9s-ci explicit\u00e9es<\/h2>\t\t\t\t\t\t\t\t<\/div>\n\t\t\t\t<\/div>\n\t\t\t\t\t<\/div>\n\t\t<\/div>\n\t\t\t\t\t<\/div>\n\t\t<\/section>\n\t\t\t\t<section class=\"elementor-section elementor-inner-section elementor-element elementor-element-1731792 elementor-section-boxed elementor-section-height-default elementor-section-height-default\" data-id=\"1731792\" data-element_type=\"section\" data-e-type=\"section\">\n\t\t\t\t\t\t<div class=\"elementor-container elementor-column-gap-default\">\n\t\t\t\t\t<div class=\"elementor-column elementor-col-100 elementor-inner-column elementor-element elementor-element-c0523bd\" data-id=\"c0523bd\" data-element_type=\"column\" data-e-type=\"column\">\n\t\t\t<div class=\"elementor-widget-wrap elementor-element-populated\">\n\t\t\t\t\t\t<div class=\"elementor-element elementor-element-3de9804 elementor-widget elementor-widget-spacer\" data-id=\"3de9804\" data-element_type=\"widget\" data-e-type=\"widget\" data-widget_type=\"spacer.default\">\n\t\t\t\t<div class=\"elementor-widget-container\">\n\t\t\t\t\t\t\t<div class=\"elementor-spacer\">\n\t\t\t<div class=\"elementor-spacer-inner\"><\/div>\n\t\t<\/div>\n\t\t\t\t\t\t<\/div>\n\t\t\t\t<\/div>\n\t\t\t\t\t<\/div>\n\t\t<\/div>\n\t\t\t\t\t<\/div>\n\t\t<\/section>\n\t\t\t\t\t<\/div>\n\t\t<\/div>\n\t\t\t\t\t<\/div>\n\t\t<\/section>\n\t\t\t\t<section class=\"elementor-section elementor-top-section elementor-element elementor-element-78453fb elementor-section-stretched elementor-section-boxed elementor-section-height-default elementor-section-height-default\" data-id=\"78453fb\" data-element_type=\"section\" data-e-type=\"section\" data-settings=\"{&quot;stretch_section&quot;:&quot;section-stretched&quot;,&quot;background_background&quot;:&quot;classic&quot;}\">\n\t\t\t\t\t\t<div class=\"elementor-container elementor-column-gap-wider\">\n\t\t\t\t\t<div class=\"elementor-column elementor-col-100 elementor-top-column elementor-element elementor-element-02a3a55\" data-id=\"02a3a55\" data-element_type=\"column\" data-e-type=\"column\">\n\t\t\t<div class=\"elementor-widget-wrap elementor-element-populated\">\n\t\t\t\t\t\t<section class=\"elementor-section elementor-inner-section elementor-element elementor-element-5f9133e elementor-section-boxed elementor-section-height-default elementor-section-height-default\" data-id=\"5f9133e\" data-element_type=\"section\" data-e-type=\"section\">\n\t\t\t\t\t\t<div class=\"elementor-container elementor-column-gap-default\">\n\t\t\t\t\t<div class=\"elementor-column elementor-col-66 elementor-inner-column elementor-element elementor-element-871dc7b\" data-id=\"871dc7b\" data-element_type=\"column\" data-e-type=\"column\">\n\t\t\t<div class=\"elementor-widget-wrap elementor-element-populated\">\n\t\t\t\t\t\t<div class=\"elementor-element elementor-element-31adc3d elementor-widget elementor-widget-text-editor\" data-id=\"31adc3d\" data-element_type=\"widget\" data-e-type=\"widget\" data-widget_type=\"text-editor.default\">\n\t\t\t\t<div class=\"elementor-widget-container\">\n\t\t\t\t\t\t\t\t\t<ul><li><strong>F\u00e9d\u00e9rer et organiser<\/strong> une \u00ab voix francophone \u00bb en parall\u00e8le, ou en compl\u00e9ment, de la voix anglophone majoritairement utilis\u00e9e dans notre profession- Promouvoir la normalisation comptable et professionnelle parmi nos membres.<\/li><\/ul>\t\t\t\t\t\t\t\t<\/div>\n\t\t\t\t<\/div>\n\t\t\t\t\t<\/div>\n\t\t<\/div>\n\t\t\t\t<div class=\"elementor-column elementor-col-33 elementor-inner-column elementor-element elementor-element-05b7b66\" data-id=\"05b7b66\" data-element_type=\"column\" data-e-type=\"column\">\n\t\t\t<div class=\"elementor-widget-wrap elementor-element-populated\">\n\t\t\t\t\t\t<div class=\"elementor-element elementor-element-7618be9 elementor-widget elementor-widget-image\" data-id=\"7618be9\" data-element_type=\"widget\" data-e-type=\"widget\" data-widget_type=\"image.default\">\n\t\t\t\t<div class=\"elementor-widget-container\">\n\t\t\t\t\t\t\t\t\t\t\t\t\t\t\t<img fetchpriority=\"high\" decoding=\"async\" width=\"541\" height=\"444\" src=\"https:\/\/fidef.org\/wp-content\/uploads\/2024\/01\/Capture-decran-2024-01-15-020517.png\" class=\"attachment-large size-large wp-image-760\" alt=\"\" srcset=\"https:\/\/fidef.org\/wp-content\/uploads\/2024\/01\/Capture-decran-2024-01-15-020517.png 541w, https:\/\/fidef.org\/wp-content\/uploads\/2024\/01\/Capture-decran-2024-01-15-020517-500x410.png 500w, https:\/\/fidef.org\/wp-content\/uploads\/2024\/01\/Capture-decran-2024-01-15-020517-300x246.png 300w, https:\/\/fidef.org\/wp-content\/uploads\/2024\/01\/Capture-decran-2024-01-15-020517-91x75.png 91w, https:\/\/fidef.org\/wp-content\/uploads\/2024\/01\/Capture-decran-2024-01-15-020517-480x394.png 480w\" sizes=\"(max-width:767px) 480px, 541px\" \/>\t\t\t\t\t\t\t\t\t\t\t\t\t\t\t<\/div>\n\t\t\t\t<\/div>\n\t\t\t\t\t<\/div>\n\t\t<\/div>\n\t\t\t\t\t<\/div>\n\t\t<\/section>\n\t\t\t\t<section class=\"elementor-section elementor-inner-section elementor-element elementor-element-135fe4a elementor-section-boxed elementor-section-height-default elementor-section-height-default\" data-id=\"135fe4a\" data-element_type=\"section\" data-e-type=\"section\">\n\t\t\t\t\t\t<div class=\"elementor-container elementor-column-gap-default\">\n\t\t\t\t\t<div class=\"elementor-column elementor-col-33 elementor-inner-column elementor-element elementor-element-2b21309\" data-id=\"2b21309\" data-element_type=\"column\" data-e-type=\"column\">\n\t\t\t<div class=\"elementor-widget-wrap elementor-element-populated\">\n\t\t\t\t\t\t<div class=\"elementor-element elementor-element-08688af elementor-widget elementor-widget-image\" data-id=\"08688af\" data-element_type=\"widget\" data-e-type=\"widget\" data-widget_type=\"image.default\">\n\t\t\t\t<div class=\"elementor-widget-container\">\n\t\t\t\t\t\t\t\t\t\t\t\t\t\t\t<img decoding=\"async\" width=\"600\" height=\"400\" src=\"https:\/\/fidef.org\/wp-content\/uploads\/2024\/01\/assistance.webp\" class=\"attachment-large size-large wp-image-765\" alt=\"\" srcset=\"https:\/\/fidef.org\/wp-content\/uploads\/2024\/01\/assistance.webp 600w, https:\/\/fidef.org\/wp-content\/uploads\/2024\/01\/assistance-500x333.webp 500w, https:\/\/fidef.org\/wp-content\/uploads\/2024\/01\/assistance-300x200.webp 300w, https:\/\/fidef.org\/wp-content\/uploads\/2024\/01\/assistance-113x75.webp 113w, https:\/\/fidef.org\/wp-content\/uploads\/2024\/01\/assistance-480x320.webp 480w\" sizes=\"(max-width:767px) 480px, 600px\" \/>\t\t\t\t\t\t\t\t\t\t\t\t\t\t\t<\/div>\n\t\t\t\t<\/div>\n\t\t\t\t\t<\/div>\n\t\t<\/div>\n\t\t\t\t<div class=\"elementor-column elementor-col-66 elementor-inner-column elementor-element elementor-element-3843063\" data-id=\"3843063\" data-element_type=\"column\" data-e-type=\"column\">\n\t\t\t<div class=\"elementor-widget-wrap elementor-element-populated\">\n\t\t\t\t\t\t<div class=\"elementor-element elementor-element-59a11ae elementor-widget elementor-widget-text-editor\" data-id=\"59a11ae\" data-element_type=\"widget\" data-e-type=\"widget\" data-widget_type=\"text-editor.default\">\n\t\t\t\t<div class=\"elementor-widget-container\">\n\t\t\t\t\t\t\t\t\t<ul><li><strong>Assister<\/strong> nos membres dans tous leurs besoins, difficult\u00e9s, demandes de toutes natures en recherchant les r\u00e9ponses ou des solutions aupr\u00e8s et parmi les autres membres de la FIDEF, notamment appui \u00e0 toutes actions de formation.- Assister nos membres dans le but d\u2019assurer un niveau de comp\u00e9tence technique homog\u00e8ne et en ad\u00e9quation avec les besoins \u00e9conomiques de chaque pays.<\/li><\/ul>\t\t\t\t\t\t\t\t<\/div>\n\t\t\t\t<\/div>\n\t\t\t\t\t<\/div>\n\t\t<\/div>\n\t\t\t\t\t<\/div>\n\t\t<\/section>\n\t\t\t\t<section class=\"elementor-section elementor-inner-section elementor-element elementor-element-4dfca67 elementor-section-boxed elementor-section-height-default elementor-section-height-default\" data-id=\"4dfca67\" data-element_type=\"section\" data-e-type=\"section\">\n\t\t\t\t\t\t<div class=\"elementor-container elementor-column-gap-default\">\n\t\t\t\t\t<div class=\"elementor-column elementor-col-66 elementor-inner-column elementor-element elementor-element-dd4b6d3\" data-id=\"dd4b6d3\" data-element_type=\"column\" data-e-type=\"column\">\n\t\t\t<div class=\"elementor-widget-wrap elementor-element-populated\">\n\t\t\t\t\t\t<div class=\"elementor-element elementor-element-e651c51 elementor-widget elementor-widget-text-editor\" data-id=\"e651c51\" data-element_type=\"widget\" data-e-type=\"widget\" data-widget_type=\"text-editor.default\">\n\t\t\t\t<div class=\"elementor-widget-container\">\n\t\t\t\t\t\t\t\t\t<ul><li><strong>Effectuer la traduction<\/strong> en fran\u00e7ais de textes, \u00e9mis par l\u2019IFAC, mais qui n\u2019existent encore qu\u2019en langue anglaise, et assurer la diffusion des textes traduits.<\/li><\/ul>\t\t\t\t\t\t\t\t<\/div>\n\t\t\t\t<\/div>\n\t\t\t\t\t<\/div>\n\t\t<\/div>\n\t\t\t\t<div class=\"elementor-column elementor-col-33 elementor-inner-column elementor-element elementor-element-f4c3df2\" data-id=\"f4c3df2\" data-element_type=\"column\" data-e-type=\"column\">\n\t\t\t<div class=\"elementor-widget-wrap elementor-element-populated\">\n\t\t\t\t\t\t<div class=\"elementor-element elementor-element-b642621 elementor-widget elementor-widget-image\" data-id=\"b642621\" data-element_type=\"widget\" data-e-type=\"widget\" data-widget_type=\"image.default\">\n\t\t\t\t<div class=\"elementor-widget-container\">\n\t\t\t\t\t\t\t\t\t\t\t\t\t\t\t<img decoding=\"async\" width=\"451\" height=\"311\" src=\"https:\/\/fidef.org\/wp-content\/uploads\/2024\/01\/Capture-decran-2024-01-15-021005.png\" class=\"attachment-large size-large wp-image-766\" alt=\"\" srcset=\"https:\/\/fidef.org\/wp-content\/uploads\/2024\/01\/Capture-decran-2024-01-15-021005.png 451w, https:\/\/fidef.org\/wp-content\/uploads\/2024\/01\/Capture-decran-2024-01-15-021005-300x207.png 300w, https:\/\/fidef.org\/wp-content\/uploads\/2024\/01\/Capture-decran-2024-01-15-021005-109x75.png 109w\" sizes=\"(max-width:767px) 451px, 451px\" \/>\t\t\t\t\t\t\t\t\t\t\t\t\t\t\t<\/div>\n\t\t\t\t<\/div>\n\t\t\t\t\t<\/div>\n\t\t<\/div>\n\t\t\t\t\t<\/div>\n\t\t<\/section>\n\t\t\t\t<section class=\"elementor-section elementor-inner-section elementor-element elementor-element-5e39ab9 elementor-section-boxed elementor-section-height-default elementor-section-height-default\" data-id=\"5e39ab9\" data-element_type=\"section\" data-e-type=\"section\">\n\t\t\t\t\t\t<div class=\"elementor-container elementor-column-gap-default\">\n\t\t\t\t\t<div class=\"elementor-column elementor-col-33 elementor-inner-column elementor-element elementor-element-2149822\" data-id=\"2149822\" data-element_type=\"column\" data-e-type=\"column\">\n\t\t\t<div class=\"elementor-widget-wrap elementor-element-populated\">\n\t\t\t\t\t\t<div class=\"elementor-element elementor-element-37872f0 elementor-widget elementor-widget-image\" data-id=\"37872f0\" data-element_type=\"widget\" data-e-type=\"widget\" data-widget_type=\"image.default\">\n\t\t\t\t<div class=\"elementor-widget-container\">\n\t\t\t\t\t\t\t\t\t\t\t\t\t\t\t<img loading=\"lazy\" decoding=\"async\" width=\"1092\" height=\"719\" src=\"https:\/\/fidef.org\/wp-content\/uploads\/2024\/01\/2BEF1302-F42B-4C4D-B884-9BBE7D648E12_1_105_c.jpeg\" class=\"attachment-large size-large wp-image-470\" alt=\"\" srcset=\"https:\/\/fidef.org\/wp-content\/uploads\/2024\/01\/2BEF1302-F42B-4C4D-B884-9BBE7D648E12_1_105_c.jpeg 1092w, https:\/\/fidef.org\/wp-content\/uploads\/2024\/01\/2BEF1302-F42B-4C4D-B884-9BBE7D648E12_1_105_c-500x329.jpeg 500w, https:\/\/fidef.org\/wp-content\/uploads\/2024\/01\/2BEF1302-F42B-4C4D-B884-9BBE7D648E12_1_105_c-300x198.jpeg 300w, https:\/\/fidef.org\/wp-content\/uploads\/2024\/01\/2BEF1302-F42B-4C4D-B884-9BBE7D648E12_1_105_c-768x506.jpeg 768w, https:\/\/fidef.org\/wp-content\/uploads\/2024\/01\/2BEF1302-F42B-4C4D-B884-9BBE7D648E12_1_105_c-114x75.jpeg 114w, https:\/\/fidef.org\/wp-content\/uploads\/2024\/01\/2BEF1302-F42B-4C4D-B884-9BBE7D648E12_1_105_c-480x316.jpeg 480w\" sizes=\"(max-width:767px) 480px, (max-width:1092px) 100vw, 1092px\" \/>\t\t\t\t\t\t\t\t\t\t\t\t\t\t\t<\/div>\n\t\t\t\t<\/div>\n\t\t\t\t\t<\/div>\n\t\t<\/div>\n\t\t\t\t<div class=\"elementor-column elementor-col-66 elementor-inner-column elementor-element elementor-element-a1ffd99\" data-id=\"a1ffd99\" data-element_type=\"column\" data-e-type=\"column\">\n\t\t\t<div class=\"elementor-widget-wrap elementor-element-populated\">\n\t\t\t\t\t\t<div class=\"elementor-element elementor-element-96b948d elementor-widget elementor-widget-text-editor\" data-id=\"96b948d\" data-element_type=\"widget\" data-e-type=\"widget\" data-widget_type=\"text-editor.default\">\n\t\t\t\t<div class=\"elementor-widget-container\">\n\t\t\t\t\t\t\t\t\t<ul><li>Mener une r\u00e9flexion large, en compagnie de nos membres, sur l\u2019organisation et les pr\u00e9rogatives des instituts comptables nationaux.<\/li><li>Repr\u00e9senter nos membres Francophones aupr\u00e8s des organisations internationales.<\/li><\/ul>\t\t\t\t\t\t\t\t<\/div>\n\t\t\t\t<\/div>\n\t\t\t\t\t<\/div>\n\t\t<\/div>\n\t\t\t\t\t<\/div>\n\t\t<\/section>\n\t\t\t\t<div class=\"elementor-element elementor-element-e0fbc58 elementor-widget elementor-widget-heading\" data-id=\"e0fbc58\" data-element_type=\"widget\" data-e-type=\"widget\" data-widget_type=\"heading.default\">\n\t\t\t\t<div class=\"elementor-widget-container\">\n\t\t\t\t\t<h2 class=\"elementor-heading-title elementor-size-default\">NOTRE ACTUALIT\u00c9 ET NOS ACTIVITES COURANTES<\/h2>\t\t\t\t<\/div>\n\t\t\t\t<\/div>\n\t\t\t\t<div class=\"elementor-element elementor-element-8e738ff elementor-widget elementor-widget-text-editor\" data-id=\"8e738ff\" data-element_type=\"widget\" data-e-type=\"widget\" data-widget_type=\"text-editor.default\">\n\t\t\t\t<div class=\"elementor-widget-container\">\n\t\t\t\t\t\t\t\t\t<ul><li>Pour suivre nos activit\u00e9s en cours et notre actualit\u00e9, et voir les photos \/ vid\u00e9os correspondantes, merci de consulter notre page \u00e0 :\u00a0<a href=\"http:\/\/www.facebook.com\/LaFidef\" target=\"_blank\" rel=\"noopener\">www.facebook.com\/LaFidef<\/a><\/li><li>Cette page est mise \u00e0 jour en permanence et vous permet de suivre nos activit\u00e9s en continu : vous pouvez vous y abonner en cliquant sur \u00ab\u00a0j&rsquo;aime\u00a0\u00bb<\/li><li>Pour toutes informations n&rsquo;h\u00e9sitez pas \u00e0 vous adresser \u00e9galement \u00e0 notre D\u00e9l\u00e9gu\u00e9 G\u00e9n\u00e9ral :\u00a0<a href=\"mailto:delegue.general@fidef.org\">delegue.general@fidef.org<\/a><\/li><\/ul>\t\t\t\t\t\t\t\t<\/div>\n\t\t\t\t<\/div>\n\t\t\t\t\t<\/div>\n\t\t<\/div>\n\t\t\t\t\t<\/div>\n\t\t<\/section>\n\t\t\t\t<section class=\"elementor-section elementor-top-section elementor-element elementor-element-fae9dd3 elementor-section-full_width elementor-section-stretched elementor-section-height-default elementor-section-height-default\" data-id=\"fae9dd3\" data-element_type=\"section\" data-e-type=\"section\" data-settings=\"{&quot;stretch_section&quot;:&quot;section-stretched&quot;,&quot;background_background&quot;:&quot;classic&quot;}\">\n\t\t\t\t\t\t<div class=\"elementor-container elementor-column-gap-no\">\n\t\t\t\t\t<div class=\"elementor-column elementor-col-100 elementor-top-column elementor-element elementor-element-3ea850a\" data-id=\"3ea850a\" data-element_type=\"column\" data-e-type=\"column\">\n\t\t\t<div class=\"elementor-widget-wrap elementor-element-populated\">\n\t\t\t\t\t\t<div class=\"elementor-element elementor-element-a4df01c elementor-widget elementor-widget-spacer\" data-id=\"a4df01c\" data-element_type=\"widget\" data-e-type=\"widget\" data-widget_type=\"spacer.default\">\n\t\t\t\t<div class=\"elementor-widget-container\">\n\t\t\t\t\t\t\t<div class=\"elementor-spacer\">\n\t\t\t<div class=\"elementor-spacer-inner\"><\/div>\n\t\t<\/div>\n\t\t\t\t\t\t<\/div>\n\t\t\t\t<\/div>\n\t\t\t\t\t<\/div>\n\t\t<\/div>\n\t\t\t\t\t<\/div>\n\t\t<\/section>\n\t\t\t\t<\/div>\n\t\t","protected":false},"excerpt":{"rendered":"<p>Notre expertise Dans le domaine de la comptabilit\u00e9 au niveau internationale s&rsquo;illustre par les activit\u00e9s-ci explicit\u00e9es F\u00e9d\u00e9rer et organiser une \u00ab voix francophone \u00bb en parall\u00e8le,<span class=\"excerpt-hellip\"> [\u2026]<\/span><\/p>\n","protected":false},"author":1,"featured_media":0,"parent":0,"menu_order":0,"comment_status":"open","ping_status":"closed","template":"","meta":{"footnotes":""},"folder":[],"class_list":["post-19","page","type-page","status-publish","hentry"],"jetpack_sharing_enabled":true,"_links":{"self":[{"href":"https:\/\/fidef.org\/index.php?rest_route=\/wp\/v2\/pages\/19","targetHints":{"allow":["GET"]}}],"collection":[{"href":"https:\/\/fidef.org\/index.php?rest_route=\/wp\/v2\/pages"}],"about":[{"href":"https:\/\/fidef.org\/index.php?rest_route=\/wp\/v2\/types\/page"}],"author":[{"embeddable":true,"href":"https:\/\/fidef.org\/index.php?rest_route=\/wp\/v2\/users\/1"}],"replies":[{"embeddable":true,"href":"https:\/\/fidef.org\/index.php?rest_route=%2Fwp%2Fv2%2Fcomments&post=19"}],"version-history":[{"count":44,"href":"https:\/\/fidef.org\/index.php?rest_route=\/wp\/v2\/pages\/19\/revisions"}],"predecessor-version":[{"id":788,"href":"https:\/\/fidef.org\/index.php?rest_route=\/wp\/v2\/pages\/19\/revisions\/788"}],"wp:attachment":[{"href":"https:\/\/fidef.org\/index.php?rest_route=%2Fwp%2Fv2%2Fmedia&parent=19"}],"wp:term":[{"taxonomy":"folder","embeddable":true,"href":"https:\/\/fidef.org\/index.php?rest_route=%2Fwp%2Fv2%2Ffolder&post=19"}],"curies":[{"name":"wp","href":"https:\/\/api.w.org\/{rel}","templated":true}]}}